{"id":716,"date":"2021-02-18T11:45:46","date_gmt":"2021-02-18T08:45:46","guid":{"rendered":"https:\/\/tkyriakidis.gr\/?page_id=716"},"modified":"2021-02-18T17:37:13","modified_gmt":"2021-02-18T14:37:13","slug":"curriculum-vitae","status":"publish","type":"page","link":"https:\/\/tkyriakidis.gr\/en\/curriculum-vitae\/","title":{"rendered":"Curriculum Vitae"},"content":{"rendered":"\n<div style=\"height:75px\" aria-hidden=\"true\" class=\"wp-block-spacer\"><\/div>\n\n\n<h4 style=\"margin: 0 0 .5rem;\">Theofylaktos Kyriakidis MD MSc PhD<\/h4>\n<p style=\"font-size: 15px; font-weight: 500; margin: 0;\">Orthopaedic surgeon<br>Knee Surgery and Sports Traumatology&nbsp;<\/p>\n\n\n<div class=\"wp-block-columns Text-Info\">\n<div class=\"wp-block-column CV-Paragraph\">\n<p>Theofylaktos graduated from the Medical School of the Aristotle University of Thessaloniki in 2007. He was then moved to Brussels, Belgium where he received his training in the Orthopaedic Surgery and Traumatology at the Free University of Brussels. Theofylaktos holds a Master Degree in Orthopaedics from the same University, and a Master of Science in Health Policy and Planning from the Open University of Cyprus. In 2018, Theofylaktos obtained his PhD degree from the Aristotle University of Thessaloniki. His research focused on cartilage repair of the knee using stem cells and resulted in numerous scientific publications. Theofylaktos is certified medical doctor in Evidenced Based Medicine from the Free University of Brussels, while he has also obtained a diploma in Good Clinical Practice. <\/p>\n\n\n\n<p>Theofylaktos, after his residency, was specialized in Knee Surgery and Sports Traumatology at the Erasme University Hospital of Brussels, where his is currently working as a knee surgeon. He exercises general orthopedic and traumatology, with a particular focus and expertise on knee surgery and sports traumatology. He performs various knee surgical procedures such as meniscal and cartilage repair, ligament reconstruction, meniscal transplantation, biological treatments osteotomy and knee arthroplasty, to name a few.<\/p>\n\n\n\n<p><\/p>\n<\/div>\n\n\n\n<div class=\"wp-block-column CV-Paragraph\">\n<p>Theofylaktos participates in the training program of medical students at the Free University of Brussels as course director and supervisor of dissertations. Since 2016 he is also responsible for the Residents Training Program of the Orthopaedic and Traumatology Department of the Erasme University Hospital.<\/p>\n\n\n\n<p>Theofylaktos has co-authored various scientific publications in reputable academic journals and book series. He keeps abreast of related research and contributes actively to the field by serving as reviewer for well-known journals. Theofylaktos  actively participates in scientific meetings either as invited speaker or with podium presentations. He is the co-chairman of the \u201cAll you need to know\u201d Annual International Knee Symposium (<a href=\"http:\/\/www.allyouneedtoknow.be\" target=\"_blank\" rel=\"noreferrer noopener\"><strong>www.allyouneedtoknow.be<\/strong><\/a>). He also serves as instructor in seminars for orthopaedic surgeons.<\/p>\n\n\n\n<p>Theofylaktos is member of the following international scientific societies: International Society of Arthroscopy, Knee Surgery and Orthopaedic Sports Medicine (<a href=\"https:\/\/www.isakos.com\/\">ISAKOS<\/a>), International Cartilage Repair Society (<a href=\"https:\/\/cartilage.org\/\">ICRS<\/a>), European Society of Sports Traumatology, Knee Surgery and Arthroscopy (<a href=\"https:\/\/www.esska.org\/default.aspx\">ESSKA<\/a>), European Knee Associates (<a href=\"https:\/\/www.esska.org\/mpage\/AboutEKA\">EKA<\/a>) and of the following national societies: Soci\u00e9t\u00e9 Royale Belge de Chirurgie Orthop\u00e9dique et de Traumatologie  (<a href=\"https:\/\/www.sorbcot.be\/\">SORBCOT<\/a>), Hellenic Association of Arthroscopy, Knee Surgery and Sports Traumatology (<a href=\"https:\/\/www.eae-net.gr\/el\/\">\u0395\u0391\u0395<\/a>) and Orthopaedic &amp; Traumatologic Association of Macedonia and Thrace (<a href=\"https:\/\/www.orthotemath.gr\/\">OTEMATH<\/a>).<\/p>\n\n\n\n<p><\/p>\n<\/div>\n<\/div>\n","protected":false},"excerpt":{"rendered":"<p>Theofylaktos Kyriakidis MD MSc PhD Orthopaedic surgeonKnee Surgery and Sports Traumatology&nbsp; Theofylaktos graduated from the Medical School of the Aristotle University of Thessaloniki in 2007. He was then moved to Brussels, Belgium where he received his training in the Orthopaedic Surgery and Traumatology at the Free University of Brussels. Theofylaktos holds a Master Degree in [&hellip;]<\/p>\n","protected":false},"author":2,"featured_media":0,"parent":0,"menu_order":0,"comment_status":"closed","ping_status":"closed","template":"","meta":[],"acf":[],"yoast_head":"<!-- This site is optimized with the Yoast SEO plugin v17.8 - https:\/\/yoast.com\/wordpress\/plugins\/seo\/ -->\n<title>Curriculum Vitae - \u0398\u0395\u039f\u03a6\u03a5\u039b\u0391\u039a\u03a4\u039f\u03a3 \u039a\u03a5\u03a1\u0399\u0391\u039a\u0399\u0394\u0397\u03a3<\/title>\n<meta name=\"robots\" content=\"index, follow, max-snippet:-1, max-image-preview:large, max-video-preview:-1\" \/>\n<link rel=\"canonical\" href=\"https:\/\/tkyriakidis.gr\/en\/curriculum-vitae\/\" \/>\n<meta property=\"og:locale\" content=\"en_US\" \/>\n<meta property=\"og:type\" content=\"article\" \/>\n<meta property=\"og:title\" content=\"Curriculum Vitae - \u0398\u0395\u039f\u03a6\u03a5\u039b\u0391\u039a\u03a4\u039f\u03a3 \u039a\u03a5\u03a1\u0399\u0391\u039a\u0399\u0394\u0397\u03a3\" \/>\n<meta property=\"og:description\" content=\"Theofylaktos Kyriakidis MD MSc PhD Orthopaedic surgeonKnee Surgery and Sports Traumatology&nbsp; Theofylaktos graduated from the Medical School of the Aristotle University of Thessaloniki in 2007. He was then moved to Brussels, Belgium where he received his training in the Orthopaedic Surgery and Traumatology at the Free University of Brussels. Theofylaktos holds a Master Degree in [&hellip;]\" \/>\n<meta property=\"og:url\" content=\"https:\/\/tkyriakidis.gr\/en\/curriculum-vitae\/\" \/>\n<meta property=\"og:site_name\" content=\"\u0398\u0395\u039f\u03a6\u03a5\u039b\u0391\u039a\u03a4\u039f\u03a3 \u039a\u03a5\u03a1\u0399\u0391\u039a\u0399\u0394\u0397\u03a3\" \/>\n<meta property=\"article:modified_time\" content=\"2021-02-18T14:37:13+00:00\" \/>\n<meta name=\"twitter:card\" content=\"summary_large_image\" \/>\n<meta name=\"twitter:label1\" content=\"Est. reading time\" \/>\n\t<meta name=\"twitter:data1\" content=\"2 minutes\" \/>\n<script type=\"application\/ld+json\" class=\"yoast-schema-graph\">{\"@context\":\"https:\/\/schema.org\",\"@graph\":[{\"@type\":\"WebSite\",\"@id\":\"https:\/\/tkyriakidis.gr\/#website\",\"url\":\"https:\/\/tkyriakidis.gr\/\",\"name\":\"\\u0398\\u0395\\u039f\\u03a6\\u03a5\\u039b\\u0391\\u039a\\u03a4\\u039f\\u03a3 \\u039a\\u03a5\\u03a1\\u0399\\u0391\\u039a\\u0399\\u0394\\u0397\\u03a3\",\"description\":\"\",\"potentialAction\":[{\"@type\":\"SearchAction\",\"target\":{\"@type\":\"EntryPoint\",\"urlTemplate\":\"https:\/\/tkyriakidis.gr\/?s={search_term_string}\"},\"query-input\":\"required name=search_term_string\"}],\"inLanguage\":\"en-US\"},{\"@type\":\"WebPage\",\"@id\":\"https:\/\/tkyriakidis.gr\/en\/curriculum-vitae\/#webpage\",\"url\":\"https:\/\/tkyriakidis.gr\/en\/curriculum-vitae\/\",\"name\":\"Curriculum Vitae - \\u0398\\u0395\\u039f\\u03a6\\u03a5\\u039b\\u0391\\u039a\\u03a4\\u039f\\u03a3 \\u039a\\u03a5\\u03a1\\u0399\\u0391\\u039a\\u0399\\u0394\\u0397\\u03a3\",\"isPartOf\":{\"@id\":\"https:\/\/tkyriakidis.gr\/#website\"},\"datePublished\":\"2021-02-18T08:45:46+00:00\",\"dateModified\":\"2021-02-18T14:37:13+00:00\",\"breadcrumb\":{\"@id\":\"https:\/\/tkyriakidis.gr\/en\/curriculum-vitae\/#breadcrumb\"},\"inLanguage\":\"en-US\",\"potentialAction\":[{\"@type\":\"ReadAction\",\"target\":[\"https:\/\/tkyriakidis.gr\/en\/curriculum-vitae\/\"]}]},{\"@type\":\"BreadcrumbList\",\"@id\":\"https:\/\/tkyriakidis.gr\/en\/curriculum-vitae\/#breadcrumb\",\"itemListElement\":[{\"@type\":\"ListItem\",\"position\":1,\"name\":\"Home\",\"item\":\"https:\/\/tkyriakidis.gr\/en\/\"},{\"@type\":\"ListItem\",\"position\":2,\"name\":\"Curriculum Vitae\"}]}]}<\/script>\n<!-- \/ Yoast SEO plugin. -->","yoast_head_json":{"title":"Curriculum Vitae - \u0398\u0395\u039f\u03a6\u03a5\u039b\u0391\u039a\u03a4\u039f\u03a3 \u039a\u03a5\u03a1\u0399\u0391\u039a\u0399\u0394\u0397\u03a3","robots":{"index":"index","follow":"follow","max-snippet":"max-snippet:-1","max-image-preview":"max-image-preview:large","max-video-preview":"max-video-preview:-1"},"canonical":"https:\/\/tkyriakidis.gr\/en\/curriculum-vitae\/","og_locale":"en_US","og_type":"article","og_title":"Curriculum Vitae - \u0398\u0395\u039f\u03a6\u03a5\u039b\u0391\u039a\u03a4\u039f\u03a3 \u039a\u03a5\u03a1\u0399\u0391\u039a\u0399\u0394\u0397\u03a3","og_description":"Theofylaktos Kyriakidis MD MSc PhD Orthopaedic surgeonKnee Surgery and Sports Traumatology&nbsp; Theofylaktos graduated from the Medical School of the Aristotle University of Thessaloniki in 2007. He was then moved to Brussels, Belgium where he received his training in the Orthopaedic Surgery and Traumatology at the Free University of Brussels. Theofylaktos holds a Master Degree in [&hellip;]","og_url":"https:\/\/tkyriakidis.gr\/en\/curriculum-vitae\/","og_site_name":"\u0398\u0395\u039f\u03a6\u03a5\u039b\u0391\u039a\u03a4\u039f\u03a3 \u039a\u03a5\u03a1\u0399\u0391\u039a\u0399\u0394\u0397\u03a3","article_modified_time":"2021-02-18T14:37:13+00:00","twitter_card":"summary_large_image","twitter_misc":{"Est. reading time":"2 minutes"},"schema":{"@context":"https:\/\/schema.org","@graph":[{"@type":"WebSite","@id":"https:\/\/tkyriakidis.gr\/#website","url":"https:\/\/tkyriakidis.gr\/","name":"\u0398\u0395\u039f\u03a6\u03a5\u039b\u0391\u039a\u03a4\u039f\u03a3 \u039a\u03a5\u03a1\u0399\u0391\u039a\u0399\u0394\u0397\u03a3","description":"","potentialAction":[{"@type":"SearchAction","target":{"@type":"EntryPoint","urlTemplate":"https:\/\/tkyriakidis.gr\/?s={search_term_string}"},"query-input":"required name=search_term_string"}],"inLanguage":"en-US"},{"@type":"WebPage","@id":"https:\/\/tkyriakidis.gr\/en\/curriculum-vitae\/#webpage","url":"https:\/\/tkyriakidis.gr\/en\/curriculum-vitae\/","name":"Curriculum Vitae - \u0398\u0395\u039f\u03a6\u03a5\u039b\u0391\u039a\u03a4\u039f\u03a3 \u039a\u03a5\u03a1\u0399\u0391\u039a\u0399\u0394\u0397\u03a3","isPartOf":{"@id":"https:\/\/tkyriakidis.gr\/#website"},"datePublished":"2021-02-18T08:45:46+00:00","dateModified":"2021-02-18T14:37:13+00:00","breadcrumb":{"@id":"https:\/\/tkyriakidis.gr\/en\/curriculum-vitae\/#breadcrumb"},"inLanguage":"en-US","potentialAction":[{"@type":"ReadAction","target":["https:\/\/tkyriakidis.gr\/en\/curriculum-vitae\/"]}]},{"@type":"BreadcrumbList","@id":"https:\/\/tkyriakidis.gr\/en\/curriculum-vitae\/#breadcrumb","itemListElement":[{"@type":"ListItem","position":1,"name":"Home","item":"https:\/\/tkyriakidis.gr\/en\/"},{"@type":"ListItem","position":2,"name":"Curriculum Vitae"}]}]}},"_links":{"self":[{"href":"https:\/\/tkyriakidis.gr\/en\/wp-json\/wp\/v2\/pages\/716"}],"collection":[{"href":"https:\/\/tkyriakidis.gr\/en\/wp-json\/wp\/v2\/pages"}],"about":[{"href":"https:\/\/tkyriakidis.gr\/en\/wp-json\/wp\/v2\/types\/page"}],"author":[{"embeddable":true,"href":"https:\/\/tkyriakidis.gr\/en\/wp-json\/wp\/v2\/users\/2"}],"replies":[{"embeddable":true,"href":"https:\/\/tkyriakidis.gr\/en\/wp-json\/wp\/v2\/comments?post=716"}],"version-history":[{"count":8,"href":"https:\/\/tkyriakidis.gr\/en\/wp-json\/wp\/v2\/pages\/716\/revisions"}],"predecessor-version":[{"id":850,"href":"https:\/\/tkyriakidis.gr\/en\/wp-json\/wp\/v2\/pages\/716\/revisions\/850"}],"wp:attachment":[{"href":"https:\/\/tkyriakidis.gr\/en\/wp-json\/wp\/v2\/media?parent=716"}],"curies":[{"name":"wp","href":"https:\/\/api.w.org\/{rel}","templated":true}]}}